{"id":110,"date":"2022-05-13T12:33:22","date_gmt":"2022-05-13T10:33:22","guid":{"rendered":"https:\/\/thermosun.pl\/?page_id=110"},"modified":"2022-06-06T18:50:53","modified_gmt":"2022-06-06T16:50:53","slug":"instalacje-fotowoltaiczne","status":"publish","type":"page","link":"https:\/\/thermosun.pl\/?page_id=110","title":{"rendered":"Instalacje fotowoltaiczne"},"content":{"rendered":"\n[et_pb_section fb_built=&#8221;1&#8243; admin_label=&#8221;section&#8221; _builder_version=&#8221;4.17.4&#8243; background_enable_color=&#8221;off&#8221; use_background_color_gradient=&#8221;on&#8221; background_color_gradient_stops=&#8221;#ffffff 0%|rgba(0,0,0,0.3) 0%|rgba(0,0,0,0.44) 97%&#8221; background_color_gradient_overlays_image=&#8221;on&#8221; background_image=&#8221;https:\/\/thermosun.pl\/wp-content\/uploads\/2022\/05\/AdobeStock_232761905.jpg&#8221; locked=&#8221;off&#8221; global_colors_info=&#8221;{}&#8221;][et_pb_row admin_label=&#8221;row&#8221; _builder_version=&#8221;4.16&#8243; background_size=&#8221;initial&#8221; background_position=&#8221;top_left&#8221; background_repeat=&#8221;repeat&#8221; global_colors_info=&#8221;{}&#8221;][et_pb_column type=&#8221;4_4&#8243; _builder_version=&#8221;4.16&#8243; custom_padding=&#8221;|||&#8221; global_colors_info=&#8221;{}&#8221; custom_padding__hover=&#8221;|||&#8221;][et_pb_text admin_label=&#8221;Text&#8221; _builder_version=&#8221;4.17.4&#8243; _dynamic_attributes=&#8221;content&#8221; text_font=&#8221;Lato|700||on|||||&#8221; text_text_color=&#8221;#FFFFFF&#8221; text_font_size=&#8221;28px&#8221; background_size=&#8221;initial&#8221; background_position=&#8221;top_left&#8221; background_repeat=&#8221;repeat&#8221; text_orientation=&#8221;center&#8221; global_colors_info=&#8221;{}&#8221;]@ET-DC@eyJkeW5hbWljIjp0cnVlLCJjb250ZW50IjoicG9zdF90aXRsZSIsInNldHRpbmdzIjp7ImJlZm9yZSI6IiIsImFmdGVyIjoiIn19@[\/et_pb_text][\/et_pb_column][\/et_pb_row][\/et_pb_section][et_pb_section fb_built=&#8221;1&#8243; admin_label=&#8221;About Us&#8221; _builder_version=&#8221;4.17.4&#8243; _module_preset=&#8221;default&#8221; background_color=&#8221;#f7f7f7&#8243; custom_padding=&#8221;60px||60px||true|false&#8221; locked=&#8221;off&#8221; global_colors_info=&#8221;{}&#8221;][et_pb_row column_structure=&#8221;1_2,1_2&#8243; custom_padding_last_edited=&#8221;off|desktop&#8221; _builder_version=&#8221;4.17.4&#8243; _module_preset=&#8221;default&#8221; max_width=&#8221;2560px&#8221; custom_padding_tablet=&#8221;|0px||0px||true&#8221; global_colors_info=&#8221;{}&#8221;][et_pb_column type=&#8221;1_2&#8243; _builder_version=&#8221;4.16&#8243; _module_preset=&#8221;default&#8221; custom_padding=&#8221;|||&#8221; global_colors_info=&#8221;{}&#8221; custom_padding__hover=&#8221;|||&#8221;][et_pb_text _builder_version=&#8221;4.17.4&#8243; _module_preset=&#8221;default&#8221; text_font=&#8221;||||||||&#8221; text_font_size=&#8221;16px&#8221; text_line_height=&#8221;2em&#8221; header_font=&#8221;||||||||&#8221; header_2_font=&#8221;Raleway|700|||||||&#8221; header_2_font_size=&#8221;50px&#8221; header_2_line_height=&#8221;1.4em&#8221; header_6_font=&#8221;Raleway|700||on|||||&#8221; header_6_font_size=&#8221;16px&#8221; header_6_letter_spacing=&#8221;5px&#8221; header_6_line_height=&#8221;1.8em&#8221; module_alignment=&#8221;center&#8221; hover_enabled=&#8221;0&#8243; header_2_font_size_tablet=&#8221;35px&#8221; header_2_font_size_phone=&#8221;25px&#8221; header_2_font_size_last_edited=&#8221;on|phone&#8221; locked=&#8221;off&#8221; global_colors_info=&#8221;{}&#8221; sticky_enabled=&#8221;0&#8243;]<h1><span>Instalacje fotowoltaiczne w Thermo Sun.<\/span><\/h1>\n<p><span>Fotowoltaika jest kolejn\u0105 technologi\u0105 wchodz\u0105c\u0105 w sk\u0142ad OZE &#8211; Odnawialnych \u017ar\u00f3de\u0142 energii. Instalacje fotowoltaiczne pozwalaj\u0105 produkowa\u0107 ekologiczny pr\u0105d i przy tym sporo zaoszcz\u0119dzi\u0107.<\/span><\/p>[\/et_pb_text][et_pb_text _builder_version=&#8221;4.17.4&#8243; _module_preset=&#8221;default&#8221; text_font=&#8221;||||||||&#8221; text_font_size=&#8221;16px&#8221; text_line_height=&#8221;2em&#8221; header_font=&#8221;||||||||&#8221; header_2_font=&#8221;||||||||&#8221; header_2_line_height=&#8221;1.4em&#8221; header_6_font=&#8221;Raleway|700||on|||||&#8221; header_6_font_size=&#8221;16px&#8221; header_6_letter_spacing=&#8221;5px&#8221; header_6_line_height=&#8221;1.8em&#8221; module_alignment=&#8221;center&#8221; hover_enabled=&#8221;0&#8243; locked=&#8221;off&#8221; global_colors_info=&#8221;{}&#8221; sticky_enabled=&#8221;0&#8243;]<h2>Elementy z kt\u00f3rych sk\u0142ada si\u0119 instalacja:<br \/><span><\/span><\/h2>\n<ul>\n<li><span>paneli fotowoltaicznych (zbudowanych z ogniw);<br \/><\/span><\/li>\n<li><span>inwertera (jego zadaniem jest zamiana pr\u0105du sta\u0142ego na zmienny);<br \/><\/span><\/li>\n<li><span>okablowania licznik\u00f3w energii;<br \/><\/span><\/li>\n<li><span>akumulatora (odpowiednio dobranego do rodzaju instalacji).<\/span><\/li>\n<\/ul>[\/et_pb_text][et_pb_text _builder_version=&#8221;4.17.4&#8243; _module_preset=&#8221;default&#8221; text_font=&#8221;||||||||&#8221; text_font_size=&#8221;16px&#8221; text_line_height=&#8221;2em&#8221; header_font=&#8221;||||||||&#8221; header_2_font=&#8221;Raleway|700|||||||&#8221; header_2_font_size=&#8221;50px&#8221; header_2_line_height=&#8221;1.4em&#8221; header_6_font=&#8221;Raleway|700||on|||||&#8221; header_6_font_size=&#8221;16px&#8221; header_6_letter_spacing=&#8221;5px&#8221; header_6_line_height=&#8221;1.8em&#8221; module_alignment=&#8221;center&#8221; hover_enabled=&#8221;0&#8243; header_2_font_size_tablet=&#8221;35px&#8221; header_2_font_size_phone=&#8221;25px&#8221; header_2_font_size_last_edited=&#8221;on|phone&#8221; locked=&#8221;off&#8221; global_colors_info=&#8221;{}&#8221; sticky_enabled=&#8221;0&#8243;]<h1><span>Jakie s\u0105 zalety fotowoltaiki?<\/span><\/h1>\n<ul>\n<li><span>Jedn\u0105 z wa\u017cniejszych zalet b\u0119d\u0105 ni\u017csze rachunki za pr\u0105d. Inwestycja w fotowoltaike mo\u017ce przynie\u015b\u0107 na d\u0142ugie lata zyski oraz oszcz\u0119dno\u015bci.<br \/><\/span><\/li>\n<li><span>Podwy\u017cki cen energii nie stanowi\u0105 problemu. Wybieraj\u0105c fotowoltaike zyskujesz na niezale\u017cno\u015bci energetycznej.<br \/><\/span><\/li>\n<li><span>Dofinansowanie dop\u0142at do instalacji. Mo\u017cliwe jest przy spe\u0142nieniu odpowiednich warunk\u00f3w, kt\u00f3re r\u00f3\u017cni\u0105 si\u0119 od regionu z kt\u00f3rego si\u0119 wnioskuje.<br \/><\/span><\/li>\n<li><span>Wp\u0142yw na \u015brodowisko. Instalacje nie stanowi\u0105 \u017cadnego zagro\u017cenia dla naszej planety i naszego otoczenia. Wr\u0119cz przeciwnie, fotowoltaika przyczynia si\u0119 do dba\u0142o\u015bci o \u015brodowisko naturalne, jest to jedno z najczystszych \u017ar\u00f3de\u0142 energii.<\/span><\/li>\n<\/ul>\n<p>Wszystkie te zalety doskonale pokazuj\u0105 jak korzystn\u0105 i op\u0142acaln\u0105 technologi\u0105 jest Fotowoltaika. Nie zwlekaj i ju\u017c teraz zdecyduj si\u0119 na instalacje fotowoltaiczne w Thermo Sun!<\/p>[\/et_pb_text][\/et_pb_column][et_pb_column type=&#8221;1_2&#8243; _builder_version=&#8221;4.16&#8243; _module_preset=&#8221;default&#8221; custom_padding=&#8221;|||&#8221; global_colors_info=&#8221;{}&#8221; custom_padding__hover=&#8221;|||&#8221;][et_pb_image src=&#8221;https:\/\/thermosun.pl\/wp-content\/uploads\/2022\/05\/AdobeStock_225208966.jpg&#8221; title_text=&#8221;Installation of stand-alone exterior photo voltaic panels system. Renewable green energy generation.&#8221; _builder_version=&#8221;4.17.4&#8243; _module_preset=&#8221;default&#8221; background_color=&#8221;#bfbfbf&#8221; use_background_color_gradient=&#8221;on&#8221; background_enable_image=&#8221;off&#8221; box_shadow_style=&#8221;preset1&#8243; global_colors_info=&#8221;{}&#8221;][\/et_pb_image][\/et_pb_column][\/et_pb_row][\/et_pb_section]\n","protected":false},"excerpt":{"rendered":"<p>Instalacje fotowoltaiczne w Thermo Sun. Fotowoltaika jest kolejn\u0105 technologi\u0105 wchodz\u0105c\u0105 w sk\u0142ad OZE &#8211; Odnawialnych \u017ar\u00f3de\u0142 energii. Instalacje fotowoltaiczne pozwalaj\u0105 produkowa\u0107 ekologiczny pr\u0105d i przy tym sporo zaoszcz\u0119dzi\u0107.Elementy z kt\u00f3rych sk\u0142ada si\u0119 instalacja: paneli fotowoltaicznych (zbudowanych z ogniw); inwertera (jego zadaniem jest zamiana pr\u0105du sta\u0142ego na zmienny); okablowania licznik\u00f3w energii; akumulatora (odpowiednio dobranego do rodzaju [&hellip;]<\/p>\n","protected":false},"author":1,"featured_media":0,"parent":0,"menu_order":0,"comment_status":"closed","ping_status":"closed","template":"","meta":{"_et_pb_use_builder":"on","_et_pb_old_content":"<!-- wp:divi\/placeholder \/-->","_et_gb_content_width":"","footnotes":""},"class_list":["post-110","page","type-page","status-publish","hentry"],"_links":{"self":[{"href":"https:\/\/thermosun.pl\/index.php?rest_route=\/wp\/v2\/pages\/110","targetHints":{"allow":["GET"]}}],"collection":[{"href":"https:\/\/thermosun.pl\/index.php?rest_route=\/wp\/v2\/pages"}],"about":[{"href":"https:\/\/thermosun.pl\/index.php?rest_route=\/wp\/v2\/types\/page"}],"author":[{"embeddable":true,"href":"https:\/\/thermosun.pl\/index.php?rest_route=\/wp\/v2\/users\/1"}],"replies":[{"embeddable":true,"href":"https:\/\/thermosun.pl\/index.php?rest_route=%2Fwp%2Fv2%2Fcomments&post=110"}],"version-history":[{"count":10,"href":"https:\/\/thermosun.pl\/index.php?rest_route=\/wp\/v2\/pages\/110\/revisions"}],"predecessor-version":[{"id":278,"href":"https:\/\/thermosun.pl\/index.php?rest_route=\/wp\/v2\/pages\/110\/revisions\/278"}],"wp:attachment":[{"href":"https:\/\/thermosun.pl\/index.php?rest_route=%2Fwp%2Fv2%2Fmedia&parent=110"}],"curies":[{"name":"wp","href":"https:\/\/api.w.org\/{rel}","templated":true}]}}