{"id":108,"date":"2022-05-13T12:33:02","date_gmt":"2022-05-13T10:33:02","guid":{"rendered":"https:\/\/thermosun.pl\/?page_id=108"},"modified":"2022-06-06T18:50:38","modified_gmt":"2022-06-06T16:50:38","slug":"pompy-ciepla","status":"publish","type":"page","link":"https:\/\/thermosun.pl\/?page_id=108","title":{"rendered":"Pompy ciep\u0142a"},"content":{"rendered":"\n[et_pb_section fb_built=&#8221;1&#8243; admin_label=&#8221;section&#8221; _builder_version=&#8221;4.17.4&#8243; background_enable_color=&#8221;off&#8221; use_background_color_gradient=&#8221;on&#8221; background_color_gradient_stops=&#8221;#ffffff 0%|rgba(0,0,0,0.3) 0%|rgba(0,0,0,0.44) 97%&#8221; background_color_gradient_overlays_image=&#8221;on&#8221; background_image=&#8221;https:\/\/thermosun.pl\/wp-content\/uploads\/2022\/05\/AdobeStock_318619419.jpg&#8221; locked=&#8221;off&#8221; global_colors_info=&#8221;{}&#8221;][et_pb_row admin_label=&#8221;row&#8221; _builder_version=&#8221;4.16&#8243; background_size=&#8221;initial&#8221; background_position=&#8221;top_left&#8221; background_repeat=&#8221;repeat&#8221; global_colors_info=&#8221;{}&#8221;][et_pb_column type=&#8221;4_4&#8243; _builder_version=&#8221;4.16&#8243; custom_padding=&#8221;|||&#8221; global_colors_info=&#8221;{}&#8221; custom_padding__hover=&#8221;|||&#8221;][et_pb_text admin_label=&#8221;Text&#8221; _builder_version=&#8221;4.17.4&#8243; _dynamic_attributes=&#8221;content&#8221; text_font=&#8221;Lato|700||on|||||&#8221; text_text_color=&#8221;#FFFFFF&#8221; text_font_size=&#8221;28px&#8221; background_size=&#8221;initial&#8221; background_position=&#8221;top_left&#8221; background_repeat=&#8221;repeat&#8221; text_orientation=&#8221;center&#8221; global_colors_info=&#8221;{}&#8221;]@ET-DC@eyJkeW5hbWljIjp0cnVlLCJjb250ZW50IjoicG9zdF90aXRsZSIsInNldHRpbmdzIjp7ImJlZm9yZSI6IiIsImFmdGVyIjoiIn19@[\/et_pb_text][\/et_pb_column][\/et_pb_row][\/et_pb_section][et_pb_section fb_built=&#8221;1&#8243; admin_label=&#8221;About Us&#8221; _builder_version=&#8221;4.17.4&#8243; _module_preset=&#8221;default&#8221; background_color=&#8221;#f7f7f7&#8243; custom_padding=&#8221;60px||60px||true|false&#8221; locked=&#8221;off&#8221; global_colors_info=&#8221;{}&#8221;][et_pb_row column_structure=&#8221;1_2,1_2&#8243; custom_padding_last_edited=&#8221;off|desktop&#8221; _builder_version=&#8221;4.17.4&#8243; _module_preset=&#8221;default&#8221; max_width=&#8221;2560px&#8221; custom_padding_tablet=&#8221;|0px||0px||true&#8221; global_colors_info=&#8221;{}&#8221;][et_pb_column type=&#8221;1_2&#8243; _builder_version=&#8221;4.16&#8243; _module_preset=&#8221;default&#8221; custom_padding=&#8221;|||&#8221; global_colors_info=&#8221;{}&#8221; custom_padding__hover=&#8221;|||&#8221;][et_pb_text _builder_version=&#8221;4.17.4&#8243; _module_preset=&#8221;default&#8221; text_font=&#8221;||||||||&#8221; text_font_size=&#8221;16px&#8221; text_line_height=&#8221;2em&#8221; header_font=&#8221;||||||||&#8221; header_2_font=&#8221;Raleway|700|||||||&#8221; header_2_font_size=&#8221;50px&#8221; header_2_line_height=&#8221;1.4em&#8221; header_6_font=&#8221;Raleway|700||on|||||&#8221; header_6_font_size=&#8221;16px&#8221; header_6_letter_spacing=&#8221;5px&#8221; header_6_line_height=&#8221;1.8em&#8221; module_alignment=&#8221;center&#8221; hover_enabled=&#8221;0&#8243; header_2_font_size_tablet=&#8221;35px&#8221; header_2_font_size_phone=&#8221;25px&#8221; header_2_font_size_last_edited=&#8221;on|phone&#8221; locked=&#8221;off&#8221; global_colors_info=&#8221;{}&#8221; sticky_enabled=&#8221;0&#8243;]<h1><span>Pompy ciep\u0142a w Thermo Sun.<\/span><\/h1>\n<p><span>Przemawia za Tob\u0105 tanie, ekologiczne, \u017ar\u00f3d\u0142o energii?<br \/><\/span><span>Je\u015bli Twoja odpowied\u017a jest twierdz\u0105ca, to doskonale trafi\u0142e\u015b!<br \/>Pompy Ciep\u0142a w ostatnich latach sta\u0142y si\u0119 bardzo popularn\u0105 technologi\u0105 i coraz wi\u0119cej os\u00f3b z nich korzysta. <\/span><span>Jest to spowodowane wieloma zaletami i korzy\u015bciami.<\/span><\/p>[\/et_pb_text][et_pb_text _builder_version=&#8221;4.17.4&#8243; _module_preset=&#8221;default&#8221; text_font=&#8221;||||||||&#8221; text_font_size=&#8221;16px&#8221; text_line_height=&#8221;2em&#8221; header_font=&#8221;||||||||&#8221; header_font_size=&#8221;26px&#8221; header_2_font=&#8221;Raleway|700|||||||&#8221; header_2_font_size=&#8221;50px&#8221; header_2_line_height=&#8221;1.4em&#8221; header_6_font=&#8221;Raleway|700||on|||||&#8221; header_6_font_size=&#8221;16px&#8221; header_6_letter_spacing=&#8221;5px&#8221; header_6_line_height=&#8221;1.8em&#8221; module_alignment=&#8221;center&#8221; hover_enabled=&#8221;0&#8243; header_2_font_size_tablet=&#8221;35px&#8221; header_2_font_size_phone=&#8221;25px&#8221; header_2_font_size_last_edited=&#8221;on|phone&#8221; locked=&#8221;off&#8221; global_colors_info=&#8221;{}&#8221; sticky_enabled=&#8221;0&#8243;]<h1><span>Jakie s\u0105 zalety?<\/span><\/h1>\n<p><span>Przede wszystkim pompa ciep\u0142a obni\u017ca emisj\u0119 CO2 przeci\u0119tnie o 20% (w stosunku do kot\u0142\u00f3w gazowych). <br \/><\/span><span>Dodatkowo umo\u017cliwia wielokrotn\u0105 redukcj\u0119 emisji gaz\u00f3w cieplarnianych. Nie emituj\u0105 one szkodliwych spalin w budynku, czy w domu.<br \/>Pompa ciep\u0142a z pewno\u015bci\u0105 jest rozwi\u0105zaniem grzewczym przysz\u0142o\u015bci, gdy\u017c w niedalekiej przysz\u0142o\u015bci b\u0119dzie mo\u017cliwe pozyskiwanie a\u017c 100% energii pochodz\u0105cej ze \u017ar\u00f3de\u0142 odnawialnych i ca\u0142kowita redukcja emisji CO2. <br \/>Kolejnym wa\u017cnym argumentem jest fakt, i\u017c pompy ciep\u0142a r\u00f3wnie\u017c maj\u0105 najwy\u017csze klasy energetyczne w\u015br\u00f3d urz\u0105dze\u0144 grzewczych.<br \/>Gdyby tego by\u0142o ma\u0142o, to pompy ciep\u0142a zapewniaj\u0105 o wiele ni\u017csze koszty eksploatacji ni\u017c kot\u0142y gazowe.<\/span><\/p>[\/et_pb_text][et_pb_text _builder_version=&#8221;4.17.4&#8243; _module_preset=&#8221;default&#8221; text_font=&#8221;||||||||&#8221; text_font_size=&#8221;16px&#8221; text_line_height=&#8221;2em&#8221; header_font=&#8221;||||||||&#8221; header_font_size=&#8221;26px&#8221; header_2_font=&#8221;Raleway|700|||||||&#8221; header_2_font_size=&#8221;50px&#8221; header_2_line_height=&#8221;1.4em&#8221; header_6_font=&#8221;Raleway|700||on|||||&#8221; header_6_font_size=&#8221;16px&#8221; header_6_letter_spacing=&#8221;5px&#8221; header_6_line_height=&#8221;1.8em&#8221; module_alignment=&#8221;center&#8221; hover_enabled=&#8221;0&#8243; header_2_font_size_tablet=&#8221;35px&#8221; header_2_font_size_phone=&#8221;25px&#8221; header_2_font_size_last_edited=&#8221;on|phone&#8221; locked=&#8221;off&#8221; global_colors_info=&#8221;{}&#8221; sticky_enabled=&#8221;0&#8243;]<h1><span>Ile kosztuje Pompa ciep\u0142a?<\/span><\/h1>\n<p><span>Ca\u0142kowity koszt zale\u017cy w du\u017cej mierze od parametr\u00f3w jakimi charakteryzuje si\u0119 urz\u0105dzenie czyli od mocy, stopnia pokrycia zapotrzebowania na moc ciepln\u0105 i ilo\u015bci pobieranej energii.<br \/>W celu przedstawienia Pa\u0144stwu odpowiedniej oferty, prosimy o <a href=\"https:\/\/thermosun.pl\/pompy-ciepla\/#kontakt\">kontakt<\/a> z nasz\u0105 firm\u0105. <\/span><\/p>[\/et_pb_text][\/et_pb_column][et_pb_column type=&#8221;1_2&#8243; _builder_version=&#8221;4.16&#8243; _module_preset=&#8221;default&#8221; custom_padding=&#8221;|||&#8221; global_colors_info=&#8221;{}&#8221; custom_padding__hover=&#8221;|||&#8221;][et_pb_image src=&#8221;https:\/\/thermosun.pl\/wp-content\/uploads\/2022\/05\/AdobeStock_292596052.jpg&#8221; title_text=&#8221;Indoor heating installation.&#8221; _builder_version=&#8221;4.17.4&#8243; _module_preset=&#8221;default&#8221; background_color=&#8221;#bfbfbf&#8221; use_background_color_gradient=&#8221;on&#8221; background_enable_image=&#8221;off&#8221; box_shadow_style=&#8221;preset1&#8243; global_colors_info=&#8221;{}&#8221;][\/et_pb_image][\/et_pb_column][\/et_pb_row][\/et_pb_section]\n","protected":false},"excerpt":{"rendered":"<p>Pompy ciep\u0142a w Thermo Sun. Przemawia za Tob\u0105 tanie, ekologiczne, \u017ar\u00f3d\u0142o energii?Je\u015bli Twoja odpowied\u017a jest twierdz\u0105ca, to doskonale trafi\u0142e\u015b!Pompy Ciep\u0142a w ostatnich latach sta\u0142y si\u0119 bardzo popularn\u0105 technologi\u0105 i coraz wi\u0119cej os\u00f3b z nich korzysta. Jest to spowodowane wieloma zaletami i korzy\u015bciami.Jakie s\u0105 zalety? Przede wszystkim pompa ciep\u0142a obni\u017ca emisj\u0119 CO2 przeci\u0119tnie o 20% (w [&hellip;]<\/p>\n","protected":false},"author":1,"featured_media":0,"parent":0,"menu_order":0,"comment_status":"closed","ping_status":"closed","template":"","meta":{"_et_pb_use_builder":"on","_et_pb_old_content":"<!-- wp:divi\/placeholder \/-->","_et_gb_content_width":"","footnotes":""},"class_list":["post-108","page","type-page","status-publish","hentry"],"_links":{"self":[{"href":"https:\/\/thermosun.pl\/index.php?rest_route=\/wp\/v2\/pages\/108","targetHints":{"allow":["GET"]}}],"collection":[{"href":"https:\/\/thermosun.pl\/index.php?rest_route=\/wp\/v2\/pages"}],"about":[{"href":"https:\/\/thermosun.pl\/index.php?rest_route=\/wp\/v2\/types\/page"}],"author":[{"embeddable":true,"href":"https:\/\/thermosun.pl\/index.php?rest_route=\/wp\/v2\/users\/1"}],"replies":[{"embeddable":true,"href":"https:\/\/thermosun.pl\/index.php?rest_route=%2Fwp%2Fv2%2Fcomments&post=108"}],"version-history":[{"count":13,"href":"https:\/\/thermosun.pl\/index.php?rest_route=\/wp\/v2\/pages\/108\/revisions"}],"predecessor-version":[{"id":277,"href":"https:\/\/thermosun.pl\/index.php?rest_route=\/wp\/v2\/pages\/108\/revisions\/277"}],"wp:attachment":[{"href":"https:\/\/thermosun.pl\/index.php?rest_route=%2Fwp%2Fv2%2Fmedia&parent=108"}],"curies":[{"name":"wp","href":"https:\/\/api.w.org\/{rel}","templated":true}]}}