{"id":106,"date":"2022-05-13T12:32:49","date_gmt":"2022-05-13T10:32:49","guid":{"rendered":"https:\/\/thermosun.pl\/?page_id=106"},"modified":"2022-06-06T18:50:26","modified_gmt":"2022-06-06T16:50:26","slug":"kotly-elektryczne","status":"publish","type":"page","link":"https:\/\/thermosun.pl\/?page_id=106","title":{"rendered":"Kot\u0142y elektryczne"},"content":{"rendered":"\n[et_pb_section fb_built=&#8221;1&#8243; admin_label=&#8221;section&#8221; _builder_version=&#8221;4.17.4&#8243; background_enable_color=&#8221;off&#8221; use_background_color_gradient=&#8221;on&#8221; background_color_gradient_stops=&#8221;#ffffff 0%|rgba(0,0,0,0.3) 0%|rgba(0,0,0,0.44) 97%&#8221; background_color_gradient_overlays_image=&#8221;on&#8221; background_image=&#8221;https:\/\/thermosun.pl\/wp-content\/uploads\/2022\/05\/AdobeStock_377839303.jpg&#8221; locked=&#8221;off&#8221; global_colors_info=&#8221;{}&#8221;][et_pb_row admin_label=&#8221;row&#8221; _builder_version=&#8221;4.16&#8243; background_size=&#8221;initial&#8221; background_position=&#8221;top_left&#8221; background_repeat=&#8221;repeat&#8221; global_colors_info=&#8221;{}&#8221;][et_pb_column type=&#8221;4_4&#8243; _builder_version=&#8221;4.16&#8243; custom_padding=&#8221;|||&#8221; global_colors_info=&#8221;{}&#8221; custom_padding__hover=&#8221;|||&#8221;][et_pb_text admin_label=&#8221;Text&#8221; _builder_version=&#8221;4.17.4&#8243; _dynamic_attributes=&#8221;content&#8221; text_font=&#8221;Lato|700||on|||||&#8221; text_text_color=&#8221;#FFFFFF&#8221; text_font_size=&#8221;28px&#8221; background_size=&#8221;initial&#8221; background_position=&#8221;top_left&#8221; background_repeat=&#8221;repeat&#8221; text_orientation=&#8221;center&#8221; global_colors_info=&#8221;{}&#8221;]@ET-DC@eyJkeW5hbWljIjp0cnVlLCJjb250ZW50IjoicG9zdF90aXRsZSIsInNldHRpbmdzIjp7ImJlZm9yZSI6IiIsImFmdGVyIjoiIn19@[\/et_pb_text][\/et_pb_column][\/et_pb_row][\/et_pb_section][et_pb_section fb_built=&#8221;1&#8243; admin_label=&#8221;About Us&#8221; _builder_version=&#8221;4.17.4&#8243; _module_preset=&#8221;default&#8221; background_color=&#8221;#f7f7f7&#8243; custom_padding=&#8221;60px||60px||true|false&#8221; locked=&#8221;off&#8221; global_colors_info=&#8221;{}&#8221;][et_pb_row column_structure=&#8221;1_2,1_2&#8243; custom_padding_last_edited=&#8221;off|desktop&#8221; _builder_version=&#8221;4.17.4&#8243; _module_preset=&#8221;default&#8221; max_width=&#8221;2560px&#8221; custom_padding_tablet=&#8221;|0px||0px||true&#8221; global_colors_info=&#8221;{}&#8221;][et_pb_column type=&#8221;1_2&#8243; _builder_version=&#8221;4.16&#8243; _module_preset=&#8221;default&#8221; custom_padding=&#8221;|||&#8221; global_colors_info=&#8221;{}&#8221; custom_padding__hover=&#8221;|||&#8221;][et_pb_text _builder_version=&#8221;4.17.4&#8243; _module_preset=&#8221;default&#8221; text_font=&#8221;||||||||&#8221; text_font_size=&#8221;16px&#8221; text_line_height=&#8221;2em&#8221; header_font=&#8221;||||||||&#8221; header_2_font=&#8221;Raleway|700|||||||&#8221; header_2_font_size=&#8221;50px&#8221; header_2_line_height=&#8221;1.4em&#8221; header_6_font=&#8221;Raleway|700||on|||||&#8221; header_6_font_size=&#8221;16px&#8221; header_6_letter_spacing=&#8221;5px&#8221; header_6_line_height=&#8221;1.8em&#8221; module_alignment=&#8221;center&#8221; hover_enabled=&#8221;0&#8243; header_2_font_size_tablet=&#8221;35px&#8221; header_2_font_size_phone=&#8221;25px&#8221; header_2_font_size_last_edited=&#8221;on|phone&#8221; global_colors_info=&#8221;{}&#8221; sticky_enabled=&#8221;0&#8243;]<h1><span>Kot\u0142y elektryczne w Thermo Sun.<\/span><\/h1>\n<p><span>Najwy\u017cszy czas obni\u017cy\u0107 twoje rachunki za energi\u0119. Kot\u0142y elektryczne to nowoczesne urz\u0105dzenia, kt\u00f3re w 100% u\u017cywaj\u0105 pobran\u0105 energie do grzania w Twoim domu. W por\u00f3wnaniu do tradycyjnych kot\u0142\u00f3w wydajno\u015b\u0107 kot\u0142\u00f3w elektrycznych jest o ponad 50% wy\u017csza.<\/span><\/p>[\/et_pb_text][et_pb_text _builder_version=&#8221;4.17.4&#8243; _module_preset=&#8221;default&#8221; text_font=&#8221;||||||||&#8221; text_font_size=&#8221;16px&#8221; text_line_height=&#8221;2em&#8221; header_font=&#8221;||||||||&#8221; header_2_font=&#8221;||||||||&#8221; header_2_line_height=&#8221;1.4em&#8221; header_6_font=&#8221;Raleway|700||on|||||&#8221; header_6_font_size=&#8221;16px&#8221; header_6_letter_spacing=&#8221;5px&#8221; header_6_line_height=&#8221;1.8em&#8221; module_alignment=&#8221;center&#8221; hover_enabled=&#8221;0&#8243; global_colors_info=&#8221;{}&#8221; sticky_enabled=&#8221;0&#8243;]<h2>Dlaczego warto?<br \/><span><\/span><\/h2>\n<p><span>Kot\u0142y elektryczne posiadaj\u0105 bardzo przyst\u0119pne ceny, w por\u00f3wnaniu do tradycyjnych kot\u0142\u00f3w pal\u0105cych ekogroszek. Warto skorzysta\u0107 r\u00f3wnie\u017c z rz\u0105dowego programu czyste powietrze, program ten pozwala zaoszcz\u0119dzi\u0107 pieni\u0105dze na termomodernizacje i wymiany \u017ar\u00f3de\u0142 ciep\u0142a sta\u0142ego na nowocze\u015bniejsze i bardziej ekologiczne. <strong>ThermoSun<\/strong> pomo\u017ce Ci wype\u0142ni\u0107 wniosek dofinansowania.<\/span><\/p>[\/et_pb_text][et_pb_text _builder_version=&#8221;4.17.4&#8243; _module_preset=&#8221;default&#8221; text_font=&#8221;||||||||&#8221; text_font_size=&#8221;16px&#8221; text_line_height=&#8221;2em&#8221; header_font=&#8221;||||||||&#8221; header_2_font=&#8221;||||||||&#8221; header_2_line_height=&#8221;1.4em&#8221; header_6_font=&#8221;Raleway|700||on|||||&#8221; header_6_font_size=&#8221;16px&#8221; header_6_letter_spacing=&#8221;5px&#8221; header_6_line_height=&#8221;1.8em&#8221; module_alignment=&#8221;center&#8221; hover_enabled=&#8221;0&#8243; global_colors_info=&#8221;{}&#8221; sticky_enabled=&#8221;0&#8243;]<h2>Ile to kosztuje kocio\u0142 elektryczny?<br \/><span><\/span><\/h2>\n<p>Dzi\u0119ki dofinansowaniu na kot\u0142y elektryczne, wymiana starego pieca na nowy jest naprawd\u0119 korzystna. Rz\u0105dowy program Czyste powietrze daje nam wysokie ulgi w zale\u017cno\u015bci od zarobk\u00f3w. <br \/>Prosimy o kontakt z nasz\u0105 firm\u0105 w celu przedstawienia odpowiedniej oferty.<\/p>[\/et_pb_text][\/et_pb_column][et_pb_column type=&#8221;1_2&#8243; _builder_version=&#8221;4.16&#8243; _module_preset=&#8221;default&#8221; custom_padding=&#8221;|||&#8221; global_colors_info=&#8221;{}&#8221; custom_padding__hover=&#8221;|||&#8221;][et_pb_image src=&#8221;https:\/\/thermosun.pl\/wp-content\/uploads\/2022\/05\/AdobeStock_117491295.jpg&#8221; title_text=&#8221;Plumber Checking Electric Boiler&#8221; _builder_version=&#8221;4.17.4&#8243; _module_preset=&#8221;default&#8221; background_color=&#8221;#bfbfbf&#8221; use_background_color_gradient=&#8221;on&#8221; background_enable_image=&#8221;off&#8221; box_shadow_style=&#8221;preset1&#8243; global_colors_info=&#8221;{}&#8221;][\/et_pb_image][\/et_pb_column][\/et_pb_row][\/et_pb_section]\n","protected":false},"excerpt":{"rendered":"<p>Kot\u0142y elektryczne w Thermo Sun. Najwy\u017cszy czas obni\u017cy\u0107 twoje rachunki za energi\u0119. Kot\u0142y elektryczne to nowoczesne urz\u0105dzenia, kt\u00f3re w 100% u\u017cywaj\u0105 pobran\u0105 energie do grzania w Twoim domu. W por\u00f3wnaniu do tradycyjnych kot\u0142\u00f3w wydajno\u015b\u0107 kot\u0142\u00f3w elektrycznych jest o ponad 50% wy\u017csza.Dlaczego warto? Kot\u0142y elektryczne posiadaj\u0105 bardzo przyst\u0119pne ceny, w por\u00f3wnaniu do tradycyjnych kot\u0142\u00f3w pal\u0105cych ekogroszek. [&hellip;]<\/p>\n","protected":false},"author":1,"featured_media":0,"parent":0,"menu_order":0,"comment_status":"closed","ping_status":"closed","template":"","meta":{"_et_pb_use_builder":"on","_et_pb_old_content":"<!-- wp:divi\/placeholder \/-->","_et_gb_content_width":"","footnotes":""},"class_list":["post-106","page","type-page","status-publish","hentry"],"_links":{"self":[{"href":"https:\/\/thermosun.pl\/index.php?rest_route=\/wp\/v2\/pages\/106","targetHints":{"allow":["GET"]}}],"collection":[{"href":"https:\/\/thermosun.pl\/index.php?rest_route=\/wp\/v2\/pages"}],"about":[{"href":"https:\/\/thermosun.pl\/index.php?rest_route=\/wp\/v2\/types\/page"}],"author":[{"embeddable":true,"href":"https:\/\/thermosun.pl\/index.php?rest_route=\/wp\/v2\/users\/1"}],"replies":[{"embeddable":true,"href":"https:\/\/thermosun.pl\/index.php?rest_route=%2Fwp%2Fv2%2Fcomments&post=106"}],"version-history":[{"count":16,"href":"https:\/\/thermosun.pl\/index.php?rest_route=\/wp\/v2\/pages\/106\/revisions"}],"predecessor-version":[{"id":276,"href":"https:\/\/thermosun.pl\/index.php?rest_route=\/wp\/v2\/pages\/106\/revisions\/276"}],"wp:attachment":[{"href":"https:\/\/thermosun.pl\/index.php?rest_route=%2Fwp%2Fv2%2Fmedia&parent=106"}],"curies":[{"name":"wp","href":"https:\/\/api.w.org\/{rel}","templated":true}]}}